{"id":20,"date":"2022-08-03T12:58:28","date_gmt":"2022-08-03T12:58:28","guid":{"rendered":"https:\/\/rpjardins.fr\/en\/home\/"},"modified":"2024-10-26T08:17:46","modified_gmt":"2024-10-26T08:17:46","slug":"un-jardin-une-histoire","status":"publish","type":"page","link":"https:\/\/www.rpjardins.fr\/en\/","title":{"rendered":"Start"},"content":{"rendered":"","protected":false},"excerpt":{"rendered":"","protected":false},"author":1,"featured_media":133,"parent":0,"menu_order":1,"comment_status":"closed","ping_status":"closed","template":"","meta":{"footnotes":""},"class_list":["post-20","page","type-page","status-publish","has-post-thumbnail","hentry"],"yoast_head":"<!-- This site is optimized with the Yoast SEO plugin v26.9 - https:\/\/yoast.com\/product\/yoast-seo-wordpress\/ -->\n<title>UN JARDIN UNE HISTOIRE | RP Jardins<\/title>\n<meta name=\"description\" content=\"Nous sommes une \u00e9quipe de professionnels d\u00e9vou\u00e9s et motiv\u00e9s par la passion des jardins. Un Jardin Une Histoire\" \/>\n<meta name=\"robots\" content=\"index, follow, max-snippet:-1, max-image-preview:large, max-video-preview:-1\" \/>\n<link rel=\"canonical\" href=\"https:\/\/www.rpjardins.fr\/en\/\" \/>\n<meta property=\"og:locale\" content=\"en_US\" \/>\n<meta property=\"og:type\" content=\"article\" \/>\n<meta property=\"og:title\" content=\"UN JARDIN UNE HISTOIRE | RP Jardins\" \/>\n<meta property=\"og:description\" content=\"Nous sommes une \u00e9quipe de professionnels d\u00e9vou\u00e9s et motiv\u00e9s par la passion des jardins. Un Jardin Une Histoire\" \/>\n<meta property=\"og:url\" content=\"https:\/\/www.rpjardins.fr\/en\/\" \/>\n<meta property=\"og:site_name\" content=\"RP Jardins\" \/>\n<meta property=\"article:publisher\" content=\"https:\/\/www.facebook.com\/rpjardins\" \/>\n<meta property=\"article:modified_time\" content=\"2024-10-26T08:17:46+00:00\" \/>\n<meta property=\"og:image\" content=\"https:\/\/www.rpjardins.fr\/en\/wp-content\/uploads\/2024\/10\/Captura-de-ecra-2024-10-25-135642-1024x448.png\" \/>\n\t<meta property=\"og:image:width\" content=\"1024\" \/>\n\t<meta property=\"og:image:height\" content=\"448\" \/>\n\t<meta property=\"og:image:type\" content=\"image\/png\" \/>\n<meta name=\"twitter:card\" content=\"summary_large_image\" \/>\n<meta name=\"twitter:site\" content=\"@RPJardins\" \/>\n<meta name=\"twitter:label1\" content=\"Est. reading time\" \/>\n\t<meta name=\"twitter:data1\" content=\"1 minute\" \/>\n<script type=\"application\/ld+json\" class=\"yoast-schema-graph\">{\"@context\":\"https:\/\/schema.org\",\"@graph\":[{\"@type\":\"WebPage\",\"@id\":\"https:\/\/www.rpjardins.fr\/en\/\",\"url\":\"https:\/\/www.rpjardins.fr\/en\/\",\"name\":\"UN JARDIN UNE HISTOIRE | RP Jardins\",\"isPartOf\":{\"@id\":\"https:\/\/www.rpjardins.fr\/en\/#website\"},\"primaryImageOfPage\":{\"@id\":\"https:\/\/www.rpjardins.fr\/en\/#primaryimage\"},\"image\":{\"@id\":\"https:\/\/www.rpjardins.fr\/en\/#primaryimage\"},\"thumbnailUrl\":\"https:\/\/www.rpjardins.fr\/en\/wp-content\/uploads\/2024\/10\/Captura-de-ecra-2024-10-25-135642.png\",\"datePublished\":\"2022-08-03T12:58:28+00:00\",\"dateModified\":\"2024-10-26T08:17:46+00:00\",\"description\":\"Nous sommes une \u00e9quipe de professionnels d\u00e9vou\u00e9s et motiv\u00e9s par la passion des jardins. Un Jardin Une Histoire\",\"breadcrumb\":{\"@id\":\"https:\/\/www.rpjardins.fr\/en\/#breadcrumb\"},\"inLanguage\":\"en-US\",\"potentialAction\":[{\"@type\":\"ReadAction\",\"target\":[\"https:\/\/www.rpjardins.fr\/en\/\"]}]},{\"@type\":\"ImageObject\",\"inLanguage\":\"en-US\",\"@id\":\"https:\/\/www.rpjardins.fr\/en\/#primaryimage\",\"url\":\"https:\/\/www.rpjardins.fr\/en\/wp-content\/uploads\/2024\/10\/Captura-de-ecra-2024-10-25-135642.png\",\"contentUrl\":\"https:\/\/www.rpjardins.fr\/en\/wp-content\/uploads\/2024\/10\/Captura-de-ecra-2024-10-25-135642.png\",\"width\":1894,\"height\":829},{\"@type\":\"BreadcrumbList\",\"@id\":\"https:\/\/www.rpjardins.fr\/en\/#breadcrumb\",\"itemListElement\":[{\"@type\":\"ListItem\",\"position\":1,\"name\":\"In\u00edcio\",\"item\":\"https:\/\/www.rpjardins.fr\/en\/\"},{\"@type\":\"ListItem\",\"position\":2,\"name\":\"Start\"}]},{\"@type\":\"WebSite\",\"@id\":\"https:\/\/www.rpjardins.fr\/en\/#website\",\"url\":\"https:\/\/www.rpjardins.fr\/en\/\",\"name\":\"RPJardins\",\"description\":\"UN JARDIN UNE HISTOIRE\",\"publisher\":{\"@id\":\"https:\/\/www.rpjardins.fr\/en\/#organization\"},\"potentialAction\":[{\"@type\":\"SearchAction\",\"target\":{\"@type\":\"EntryPoint\",\"urlTemplate\":\"https:\/\/www.rpjardins.fr\/en\/?s={search_term_string}\"},\"query-input\":{\"@type\":\"PropertyValueSpecification\",\"valueRequired\":true,\"valueName\":\"search_term_string\"}}],\"inLanguage\":\"en-US\"},{\"@type\":\"Organization\",\"@id\":\"https:\/\/www.rpjardins.fr\/en\/#organization\",\"name\":\"RP Jardins\",\"alternateName\":\"RP Jardins\",\"url\":\"https:\/\/www.rpjardins.fr\/en\/\",\"logo\":{\"@type\":\"ImageObject\",\"inLanguage\":\"en-US\",\"@id\":\"https:\/\/www.rpjardins.fr\/en\/#\/schema\/logo\/image\/\",\"url\":\"https:\/\/www.rpjardins.fr\/en\/wp-content\/uploads\/2024\/10\/Captura-de-ecra-2024-10-25-135642-1024x448.png\",\"contentUrl\":\"https:\/\/www.rpjardins.fr\/en\/wp-content\/uploads\/2024\/10\/Captura-de-ecra-2024-10-25-135642-1024x448.png\",\"width\":1024,\"height\":448,\"caption\":\"RP Jardins\"},\"image\":{\"@id\":\"https:\/\/www.rpjardins.fr\/en\/#\/schema\/logo\/image\/\"},\"sameAs\":[\"https:\/\/www.facebook.com\/rpjardins\",\"https:\/\/x.com\/RPJardins\",\"https:\/\/www.instagram.com\/rpjardinssaintropez\/\"]}]}<\/script>\n<!-- \/ Yoast SEO plugin. -->","yoast_head_json":{"title":"UN JARDIN UNE HISTOIRE | RP Jardins","description":"Nous sommes une \u00e9quipe de professionnels d\u00e9vou\u00e9s et motiv\u00e9s par la passion des jardins. Un Jardin Une Histoire","robots":{"index":"index","follow":"follow","max-snippet":"max-snippet:-1","max-image-preview":"max-image-preview:large","max-video-preview":"max-video-preview:-1"},"canonical":"https:\/\/www.rpjardins.fr\/en\/","og_locale":"en_US","og_type":"article","og_title":"UN JARDIN UNE HISTOIRE | RP Jardins","og_description":"Nous sommes une \u00e9quipe de professionnels d\u00e9vou\u00e9s et motiv\u00e9s par la passion des jardins. Un Jardin Une Histoire","og_url":"https:\/\/www.rpjardins.fr\/en\/","og_site_name":"RP Jardins","article_publisher":"https:\/\/www.facebook.com\/rpjardins","article_modified_time":"2024-10-26T08:17:46+00:00","og_image":[{"width":1024,"height":448,"url":"https:\/\/www.rpjardins.fr\/en\/wp-content\/uploads\/2024\/10\/Captura-de-ecra-2024-10-25-135642-1024x448.png","type":"image\/png"}],"twitter_card":"summary_large_image","twitter_site":"@RPJardins","twitter_misc":{"Est. reading time":"1 minute"},"schema":{"@context":"https:\/\/schema.org","@graph":[{"@type":"WebPage","@id":"https:\/\/www.rpjardins.fr\/en\/","url":"https:\/\/www.rpjardins.fr\/en\/","name":"UN JARDIN UNE HISTOIRE | RP Jardins","isPartOf":{"@id":"https:\/\/www.rpjardins.fr\/en\/#website"},"primaryImageOfPage":{"@id":"https:\/\/www.rpjardins.fr\/en\/#primaryimage"},"image":{"@id":"https:\/\/www.rpjardins.fr\/en\/#primaryimage"},"thumbnailUrl":"https:\/\/www.rpjardins.fr\/en\/wp-content\/uploads\/2024\/10\/Captura-de-ecra-2024-10-25-135642.png","datePublished":"2022-08-03T12:58:28+00:00","dateModified":"2024-10-26T08:17:46+00:00","description":"Nous sommes une \u00e9quipe de professionnels d\u00e9vou\u00e9s et motiv\u00e9s par la passion des jardins. Un Jardin Une Histoire","breadcrumb":{"@id":"https:\/\/www.rpjardins.fr\/en\/#breadcrumb"},"inLanguage":"en-US","potentialAction":[{"@type":"ReadAction","target":["https:\/\/www.rpjardins.fr\/en\/"]}]},{"@type":"ImageObject","inLanguage":"en-US","@id":"https:\/\/www.rpjardins.fr\/en\/#primaryimage","url":"https:\/\/www.rpjardins.fr\/en\/wp-content\/uploads\/2024\/10\/Captura-de-ecra-2024-10-25-135642.png","contentUrl":"https:\/\/www.rpjardins.fr\/en\/wp-content\/uploads\/2024\/10\/Captura-de-ecra-2024-10-25-135642.png","width":1894,"height":829},{"@type":"BreadcrumbList","@id":"https:\/\/www.rpjardins.fr\/en\/#breadcrumb","itemListElement":[{"@type":"ListItem","position":1,"name":"In\u00edcio","item":"https:\/\/www.rpjardins.fr\/en\/"},{"@type":"ListItem","position":2,"name":"Start"}]},{"@type":"WebSite","@id":"https:\/\/www.rpjardins.fr\/en\/#website","url":"https:\/\/www.rpjardins.fr\/en\/","name":"RPJardins","description":"UN JARDIN UNE HISTOIRE","publisher":{"@id":"https:\/\/www.rpjardins.fr\/en\/#organization"},"potentialAction":[{"@type":"SearchAction","target":{"@type":"EntryPoint","urlTemplate":"https:\/\/www.rpjardins.fr\/en\/?s={search_term_string}"},"query-input":{"@type":"PropertyValueSpecification","valueRequired":true,"valueName":"search_term_string"}}],"inLanguage":"en-US"},{"@type":"Organization","@id":"https:\/\/www.rpjardins.fr\/en\/#organization","name":"RP Jardins","alternateName":"RP Jardins","url":"https:\/\/www.rpjardins.fr\/en\/","logo":{"@type":"ImageObject","inLanguage":"en-US","@id":"https:\/\/www.rpjardins.fr\/en\/#\/schema\/logo\/image\/","url":"https:\/\/www.rpjardins.fr\/en\/wp-content\/uploads\/2024\/10\/Captura-de-ecra-2024-10-25-135642-1024x448.png","contentUrl":"https:\/\/www.rpjardins.fr\/en\/wp-content\/uploads\/2024\/10\/Captura-de-ecra-2024-10-25-135642-1024x448.png","width":1024,"height":448,"caption":"RP Jardins"},"image":{"@id":"https:\/\/www.rpjardins.fr\/en\/#\/schema\/logo\/image\/"},"sameAs":["https:\/\/www.facebook.com\/rpjardins","https:\/\/x.com\/RPJardins","https:\/\/www.instagram.com\/rpjardinssaintropez\/"]}]}},"_links":{"self":[{"href":"https:\/\/www.rpjardins.fr\/en\/wp-json\/wp\/v2\/pages\/20","targetHints":{"allow":["GET"]}}],"collection":[{"href":"https:\/\/www.rpjardins.fr\/en\/wp-json\/wp\/v2\/pages"}],"about":[{"href":"https:\/\/www.rpjardins.fr\/en\/wp-json\/wp\/v2\/types\/page"}],"author":[{"embeddable":true,"href":"https:\/\/www.rpjardins.fr\/en\/wp-json\/wp\/v2\/users\/1"}],"replies":[{"embeddable":true,"href":"https:\/\/www.rpjardins.fr\/en\/wp-json\/wp\/v2\/comments?post=20"}],"version-history":[{"count":3,"href":"https:\/\/www.rpjardins.fr\/en\/wp-json\/wp\/v2\/pages\/20\/revisions"}],"predecessor-version":[{"id":141,"href":"https:\/\/www.rpjardins.fr\/en\/wp-json\/wp\/v2\/pages\/20\/revisions\/141"}],"wp:featuredmedia":[{"embeddable":true,"href":"https:\/\/www.rpjardins.fr\/en\/wp-json\/wp\/v2\/media\/133"}],"wp:attachment":[{"href":"https:\/\/www.rpjardins.fr\/en\/wp-json\/wp\/v2\/media?parent=20"}],"curies":[{"name":"wp","href":"https:\/\/api.w.org\/{rel}","templated":true}]}}